{"id":99,"date":"2019-12-04T20:08:34","date_gmt":"2019-12-04T19:08:34","guid":{"rendered":"http:\/\/cms.liem.ch\/Liem\/?page_id=99"},"modified":"2020-05-07T14:39:06","modified_gmt":"2020-05-07T12:39:06","slug":"tuning","status":"publish","type":"page","link":"https:\/\/www.liem.ch\/liem\/index.php\/tuning\/","title":{"rendered":"Tuning"},"content":{"rendered":"\n<p>Fahrer eines Alfa Romeo oder Fiat lieben ihre Automarke und ihr Fahrzeug, daher taucht oft der Wunsch auf, das Fahrzeug durch individuelles Tuning aufzuwerten und m\u00f6glichst einzigartig zu machen. Deshalb bieten wir professionelles Tuning f\u00fcr alle Fahrzeuge der Marke Alfa Romeo und Fiat an, hier eine kleine Auflistung der m\u00f6glichen Zubeh\u00f6re. Das Angebot ist fast unendlich.<\/p>\n\n\n\n<figure class=\"wp-block-image size-large\"><img loading=\"lazy\" decoding=\"async\" width=\"1024\" height=\"576\" src=\"https:\/\/www.liem.ch\/Liem\/wp-content\/uploads\/2020\/05\/www.liem_.ch_Horw_Luzern_Alfa_Romeo_Giulia-2.0-Veloce-schwarz-Felgen-Gold-37-1024x576.jpg\" alt=\"\" class=\"wp-image-356\" srcset=\"https:\/\/www.liem.ch\/liem\/wp-content\/uploads\/2020\/05\/www.liem_.ch_Horw_Luzern_Alfa_Romeo_Giulia-2.0-Veloce-schwarz-Felgen-Gold-37-1024x576.jpg 1024w, https:\/\/www.liem.ch\/liem\/wp-content\/uploads\/2020\/05\/www.liem_.ch_Horw_Luzern_Alfa_Romeo_Giulia-2.0-Veloce-schwarz-Felgen-Gold-37-300x169.jpg 300w, https:\/\/www.liem.ch\/liem\/wp-content\/uploads\/2020\/05\/www.liem_.ch_Horw_Luzern_Alfa_Romeo_Giulia-2.0-Veloce-schwarz-Felgen-Gold-37-768x432.jpg 768w, https:\/\/www.liem.ch\/liem\/wp-content\/uploads\/2020\/05\/www.liem_.ch_Horw_Luzern_Alfa_Romeo_Giulia-2.0-Veloce-schwarz-Felgen-Gold-37-1536x864.jpg 1536w, https:\/\/www.liem.ch\/liem\/wp-content\/uploads\/2020\/05\/www.liem_.ch_Horw_Luzern_Alfa_Romeo_Giulia-2.0-Veloce-schwarz-Felgen-Gold-37-2048x1152.jpg 2048w\" sizes=\"auto, (max-width: 767px) 89vw, (max-width: 1000px) 54vw, (max-width: 1071px) 543px, 580px\" \/><\/figure>\n","protected":false},"excerpt":{"rendered":"<p>Fahrer eines Alfa Romeo oder Fiat lieben ihre Automarke und ihr Fahrzeug, daher taucht oft der Wunsch auf, das Fahrzeug durch individuelles Tuning aufzuwerten und m\u00f6glichst einzigartig zu machen. Deshalb bieten wir professionelles Tuning f\u00fcr alle Fahrzeuge der Marke Alfa Romeo und Fiat an, hier eine kleine Auflistung der m\u00f6glichen Zubeh\u00f6re. Das Angebot ist fast &hellip; <\/p>\n<p class=\"link-more\"><a href=\"https:\/\/www.liem.ch\/liem\/index.php\/tuning\/\" class=\"more-link\"><span class=\"screen-reader-text\">&#171;Tuning&#187;<\/span> weiterlesen<\/a><\/p>\n","protected":false},"author":2,"featured_media":0,"parent":0,"menu_order":0,"comment_status":"closed","ping_status":"closed","template":"","meta":{"_monsterinsights_skip_tracking":false,"_monsterinsights_sitenote_active":false,"_monsterinsights_sitenote_note":"","_monsterinsights_sitenote_category":0,"footnotes":""},"class_list":["post-99","page","type-page","status-publish","hentry"],"_links":{"self":[{"href":"https:\/\/www.liem.ch\/liem\/index.php\/wp-json\/wp\/v2\/pages\/99","targetHints":{"allow":["GET"]}}],"collection":[{"href":"https:\/\/www.liem.ch\/liem\/index.php\/wp-json\/wp\/v2\/pages"}],"about":[{"href":"https:\/\/www.liem.ch\/liem\/index.php\/wp-json\/wp\/v2\/types\/page"}],"author":[{"embeddable":true,"href":"https:\/\/www.liem.ch\/liem\/index.php\/wp-json\/wp\/v2\/users\/2"}],"replies":[{"embeddable":true,"href":"https:\/\/www.liem.ch\/liem\/index.php\/wp-json\/wp\/v2\/comments?post=99"}],"version-history":[{"count":2,"href":"https:\/\/www.liem.ch\/liem\/index.php\/wp-json\/wp\/v2\/pages\/99\/revisions"}],"predecessor-version":[{"id":357,"href":"https:\/\/www.liem.ch\/liem\/index.php\/wp-json\/wp\/v2\/pages\/99\/revisions\/357"}],"wp:attachment":[{"href":"https:\/\/www.liem.ch\/liem\/index.php\/wp-json\/wp\/v2\/media?parent=99"}],"curies":[{"name":"wp","href":"https:\/\/api.w.org\/{rel}","templated":true}]}}