{"id":30,"date":"2019-11-27T16:28:36","date_gmt":"2019-11-27T15:28:36","guid":{"rendered":"http:\/\/cms.liem.ch\/Liem\/?page_id=30"},"modified":"2019-12-04T22:58:05","modified_gmt":"2019-12-04T21:58:05","slug":"111-2","status":"publish","type":"page","link":"https:\/\/www.liem.ch\/liem\/index.php\/111-2\/","title":{"rendered":"Unsere Garage"},"content":{"rendered":"\n<p>Unsere Garage &#8230;. fragen Sie Ihr Navi, das weiss wo wir sind, eine famili\u00e4re Kleingarage. Egal, ob Sie von der Autobahn oder vom Bahnhof herkommen, die Garage ist schnell erreichbar. Unser Team besteht aus 6 Mitarbeiter die sich durch ihre Kompetenz auszeichnen.<\/p>\n\n\n\n<p>Unsere Dienstleistung umfasst s\u00e4mtliche Wartungen und Reparaturen aller Marken bis hin zu Carrosseriearbeiten. Von Felgen, Federn bis zu optisches Tuning ist bei uns fast alles m\u00f6glich.<\/p>\n\n\n\n<h2 class=\"wp-block-heading\">FIAT SHOWROOM<\/h2>\n\n\n\n<p>Im neu umgebauten Fiat-Showroom k\u00f6nnen Sie ihr Fahrzeug anmelden oder nach der Reparatur wieder entgegen nehmen. F\u00fcr kurze Wartezeiten steht ihnen unsere Kaffee-Ecke zur Verf\u00fcgung mit Musik und Zeitschriften. Ebenfalls im Fiat-Showroom, ist unser Verkaufsb\u00fcro, wo Sie pers\u00f6nlich von Herrn Liem bedient und beraten werden.<a href=\"https:\/\/www.liem.ch\/uploads\/_fit1200x800\/a4.jpg\">\n                                                                                                    \n                                                                                            <\/a><\/p>\n\n\n\n<h2 class=\"wp-block-heading\">ALFA ROMEO SHOWROOM<\/h2>\n\n\n\n<p>Im Alfa Romeo Showroom unserer Garage finden Sie die neusten Modelle und wahre Liebhaber der Marke k\u00f6nnen sich hier inspierieren lassen. Bei dieser Gelegenheit k\u00f6nnen wir die Chance nutzen Sie umfassend zu Modellen und Ausf\u00fchrungsvarianten zu bearten.<\/p>\n\n\n\n<p>Gemeinsam finden wir Ihr neues Traumauto.<a href=\"https:\/\/www.liem.ch\/uploads\/_fit1200x800\/w2.jpg\">\n                                                                                                    \n                                                                                            <\/a><\/p>\n\n\n\n<h2 class=\"wp-block-heading\">WERKSTATT<\/h2>\n\n\n\n<p>Hier halten wir Ihr Fahrzeug in Ordnung, es wird gepflegt, repariert und gerne \u00fcbernehmen wir den allf\u00e4lligen Service. Unsere erfahrenen Mitarbeiter legen dabei gr\u00f6ssten Wert auf Qualit\u00e4t, sodass Sie sicher unterwegs sind und allzeit Freude am Fahren haben.<\/p>\n\n\n\n<p>Lassen Sie sich von unserer Leistung \u00fcberzeugen.<\/p>\n","protected":false},"excerpt":{"rendered":"<p>Unsere Garage &#8230;. fragen Sie Ihr Navi, das weiss wo wir sind, eine famili\u00e4re Kleingarage. Egal, ob Sie von der Autobahn oder vom Bahnhof herkommen, die Garage ist schnell erreichbar. Unser Team besteht aus 6 Mitarbeiter die sich durch ihre Kompetenz auszeichnen. Unsere Dienstleistung umfasst s\u00e4mtliche Wartungen und Reparaturen aller Marken bis hin zu Carrosseriearbeiten. &hellip; <\/p>\n<p class=\"link-more\"><a href=\"https:\/\/www.liem.ch\/liem\/index.php\/111-2\/\" class=\"more-link\"><span class=\"screen-reader-text\">&#171;Unsere Garage&#187;<\/span> weiterlesen<\/a><\/p>\n","protected":false},"author":1,"featured_media":0,"parent":0,"menu_order":0,"comment_status":"closed","ping_status":"closed","template":"","meta":{"_monsterinsights_skip_tracking":false,"_monsterinsights_sitenote_active":false,"_monsterinsights_sitenote_note":"","_monsterinsights_sitenote_category":0,"footnotes":""},"class_list":["post-30","page","type-page","status-publish","hentry"],"_links":{"self":[{"href":"https:\/\/www.liem.ch\/liem\/index.php\/wp-json\/wp\/v2\/pages\/30","targetHints":{"allow":["GET"]}}],"collection":[{"href":"https:\/\/www.liem.ch\/liem\/index.php\/wp-json\/wp\/v2\/pages"}],"about":[{"href":"https:\/\/www.liem.ch\/liem\/index.php\/wp-json\/wp\/v2\/types\/page"}],"author":[{"embeddable":true,"href":"https:\/\/www.liem.ch\/liem\/index.php\/wp-json\/wp\/v2\/users\/1"}],"replies":[{"embeddable":true,"href":"https:\/\/www.liem.ch\/liem\/index.php\/wp-json\/wp\/v2\/comments?post=30"}],"version-history":[{"count":3,"href":"https:\/\/www.liem.ch\/liem\/index.php\/wp-json\/wp\/v2\/pages\/30\/revisions"}],"predecessor-version":[{"id":127,"href":"https:\/\/www.liem.ch\/liem\/index.php\/wp-json\/wp\/v2\/pages\/30\/revisions\/127"}],"wp:attachment":[{"href":"https:\/\/www.liem.ch\/liem\/index.php\/wp-json\/wp\/v2\/media?parent=30"}],"curies":[{"name":"wp","href":"https:\/\/api.w.org\/{rel}","templated":true}]}}