{"id":148,"date":"2019-12-05T15:08:14","date_gmt":"2019-12-05T14:08:14","guid":{"rendered":"http:\/\/cms.liem.ch\/Liem\/?page_id=148"},"modified":"2020-05-07T14:32:25","modified_gmt":"2020-05-07T12:32:25","slug":"oldtimer","status":"publish","type":"page","link":"https:\/\/www.liem.ch\/liem\/index.php\/oldtimer\/","title":{"rendered":"Oldtimer"},"content":{"rendered":"\n<p>Ob Oldtimer oder Jungtimer, f\u00fcr uns sind beide gleich interessant. Der \u00e4lteste Oldtimer, welchen wir betreuen d\u00fcrfen, ist aus dem Jahr 1923. Die meisten unserer Kundenfahrzeuge sind aus den 70-iger oder 80-iger Jahren. Wie der Fiat 124 Spider oder der Alfa Romeo Giulia. Nach der erfolgreichen Lancierung vom Fiat 500 im Jahr 2007, haben unsere Kunden ihren Fiat 500 aus den Jahren 1957 bis 1975 ausgegraben und wieder auf die Strassen gebracht. Die Fahrzeuge aus den 90-iger Jahren warten noch auf eine Wiederentdeckung. <\/p>\n\n\n\n<p><\/p>\n\n\n\n<figure class=\"wp-block-image size-large\"><img loading=\"lazy\" decoding=\"async\" width=\"1024\" height=\"768\" src=\"https:\/\/www.liem.ch\/Liem\/wp-content\/uploads\/2020\/05\/www.liem_.ch_Horw_Luzern_Alfa_Romeo_Oldtimer_Giulia-meats-Giulia-98-1024x768.jpg\" alt=\"\" class=\"wp-image-349\" srcset=\"https:\/\/www.liem.ch\/liem\/wp-content\/uploads\/2020\/05\/www.liem_.ch_Horw_Luzern_Alfa_Romeo_Oldtimer_Giulia-meats-Giulia-98-1024x768.jpg 1024w, https:\/\/www.liem.ch\/liem\/wp-content\/uploads\/2020\/05\/www.liem_.ch_Horw_Luzern_Alfa_Romeo_Oldtimer_Giulia-meats-Giulia-98-300x225.jpg 300w, https:\/\/www.liem.ch\/liem\/wp-content\/uploads\/2020\/05\/www.liem_.ch_Horw_Luzern_Alfa_Romeo_Oldtimer_Giulia-meats-Giulia-98-768x576.jpg 768w, https:\/\/www.liem.ch\/liem\/wp-content\/uploads\/2020\/05\/www.liem_.ch_Horw_Luzern_Alfa_Romeo_Oldtimer_Giulia-meats-Giulia-98-1536x1152.jpg 1536w, https:\/\/www.liem.ch\/liem\/wp-content\/uploads\/2020\/05\/www.liem_.ch_Horw_Luzern_Alfa_Romeo_Oldtimer_Giulia-meats-Giulia-98.jpg 1600w\" sizes=\"auto, (max-width: 767px) 89vw, (max-width: 1000px) 54vw, (max-width: 1071px) 543px, 580px\" \/><\/figure>\n\n\n\n<p>[<\/p>\n","protected":false},"excerpt":{"rendered":"<p>Ob Oldtimer oder Jungtimer, f\u00fcr uns sind beide gleich interessant. Der \u00e4lteste Oldtimer, welchen wir betreuen d\u00fcrfen, ist aus dem Jahr 1923. Die meisten unserer Kundenfahrzeuge sind aus den 70-iger oder 80-iger Jahren. Wie der Fiat 124 Spider oder der Alfa Romeo Giulia. Nach der erfolgreichen Lancierung vom Fiat 500 im Jahr 2007, haben unsere &hellip; <\/p>\n<p class=\"link-more\"><a href=\"https:\/\/www.liem.ch\/liem\/index.php\/oldtimer\/\" class=\"more-link\"><span class=\"screen-reader-text\">&#171;Oldtimer&#187;<\/span> weiterlesen<\/a><\/p>\n","protected":false},"author":2,"featured_media":0,"parent":0,"menu_order":0,"comment_status":"closed","ping_status":"closed","template":"","meta":{"_monsterinsights_skip_tracking":false,"_monsterinsights_sitenote_active":false,"_monsterinsights_sitenote_note":"","_monsterinsights_sitenote_category":0,"footnotes":""},"class_list":["post-148","page","type-page","status-publish","hentry"],"_links":{"self":[{"href":"https:\/\/www.liem.ch\/liem\/index.php\/wp-json\/wp\/v2\/pages\/148","targetHints":{"allow":["GET"]}}],"collection":[{"href":"https:\/\/www.liem.ch\/liem\/index.php\/wp-json\/wp\/v2\/pages"}],"about":[{"href":"https:\/\/www.liem.ch\/liem\/index.php\/wp-json\/wp\/v2\/types\/page"}],"author":[{"embeddable":true,"href":"https:\/\/www.liem.ch\/liem\/index.php\/wp-json\/wp\/v2\/users\/2"}],"replies":[{"embeddable":true,"href":"https:\/\/www.liem.ch\/liem\/index.php\/wp-json\/wp\/v2\/comments?post=148"}],"version-history":[{"count":7,"href":"https:\/\/www.liem.ch\/liem\/index.php\/wp-json\/wp\/v2\/pages\/148\/revisions"}],"predecessor-version":[{"id":350,"href":"https:\/\/www.liem.ch\/liem\/index.php\/wp-json\/wp\/v2\/pages\/148\/revisions\/350"}],"wp:attachment":[{"href":"https:\/\/www.liem.ch\/liem\/index.php\/wp-json\/wp\/v2\/media?parent=148"}],"curies":[{"name":"wp","href":"https:\/\/api.w.org\/{rel}","templated":true}]}}