{"id":142,"date":"2019-12-05T10:52:29","date_gmt":"2019-12-05T09:52:29","guid":{"rendered":"http:\/\/cms.liem.ch\/Liem\/?page_id=142"},"modified":"2019-12-05T10:57:12","modified_gmt":"2019-12-05T09:57:12","slug":"geschichte","status":"publish","type":"page","link":"https:\/\/www.liem.ch\/liem\/index.php\/geschichte\/","title":{"rendered":"Geschichte"},"content":{"rendered":"\n<p>1990<\/p>\n\n\n\n<p>Was einst Hobby war wurde zum Beruf &#8211; eine starke Grundlage f\u00fcr die Gr\u00fcndung einer Garage. Verbunden mit viel Aufwand und Einsatz entstand die Garage Liem AG in Horw mit der offiziellen Fiat Vertretung.<\/p>\n\n\n\n<p>1994<\/p>\n\n\n\n<p>Als zus\u00e4tzlich die Alfa Romeo Vertretung erg\u00e4nzend zur Fiat Vertretung kam, wurde die Autoausstellung vergr\u00f6ssert.<\/p>\n\n\n\n<p>1995<\/p>\n\n\n\n<p>Das Logo &#171;Liem Creazione&#187; entsteht. Nebst den zwei Vertretungen ber\u00e4t, verkauft und montiert die Garage Liem AG eine breite Palette an Autozubeh\u00f6r. In den letzten Jahres wurden die &#171;Liem Creazione Fahrzeuge&#187; nicht nur in der Innerschweiz bekannt. Man konnte diese Fahrzeuge an verschiedenen Autozubeh\u00f6rmessen bei diversen Autozubeh\u00f6rlieferanten bewundern. <\/p>\n\n\n\n<p>1996<\/p>\n\n\n\n<p>Die Fl\u00e4che der Parkpl\u00e4tze und Occasionsfahrzeuge wurde massiv vergr\u00f6ssert. Neuwagen, Autozubeh\u00f6r, Occasionen und doch ist es eine heimelige Atmosph\u00e4re mit viel Liebe zum Detail.<\/p>\n\n\n\n<p><\/p>\n\n\n\n<p>2000<\/p>\n\n\n\n<p>Die Garage Liem AG feiert das 10 j\u00e4hrige Jubil\u00e4um.<\/p>\n\n\n\n<p><\/p>\n\n\n\n<p>2005<\/p>\n\n\n\n<p>Im Zuge der Liberalisierung des Automarktes in Europa und in der Schweiz, und die damit verbundenen H\u00e4ndlernetzreorganisation, wurde die Garage Liem AG zum offiziellen Vertriebsagent (Fahrzeugverkauf) und offizieller Serviceagent (Service-, Reparatur- und Garantiearbeiten) f\u00fcr die Marken Fiat und Alfa Romeo ernannt. Bis 2011 \u00c4nderungen im Showroom nach Standart Fiat und Alfa Romeo.<\/p>\n\n\n\n<p>2010<\/p>\n\n\n\n<p>Die Garage Liem feiert Ihr 20 j\u00e4hriges Jubil\u00e4um mit Umbau des Fiat Showroom und die Anpassung der Aussenidentifikation.<\/p>\n\n\n\n<p>2015<\/p>\n\n\n\n<p>Die Garage Liem feiert Jubil\u00e4um und besteht nun bereit 25 Jahre. Anl\u00e4sslich des 25-j\u00e4hrigen Firmenjubil\u00e4ums k\u00f6nnen wir dieses Jahr mit einem neuen Gesch\u00e4ftsraum, welcher als Aufbereitungs- und Ausstellungsraum genutzt wird und unseren Kunden daher zugute kommt. Um den Erfolg und die geleistete Arbeit der letzten 25 Jahre zu feiern, pr\u00e4sentiert sich die Liem AG fortan mit einer modernen Webseite, mit der wir Kunden und Interessenten auf dem Laufenden halten m\u00f6chten.<\/p>\n","protected":false},"excerpt":{"rendered":"<p>1990 Was einst Hobby war wurde zum Beruf &#8211; eine starke Grundlage f\u00fcr die Gr\u00fcndung einer Garage. Verbunden mit viel Aufwand und Einsatz entstand die Garage Liem AG in Horw mit der offiziellen Fiat Vertretung. 1994 Als zus\u00e4tzlich die Alfa Romeo Vertretung erg\u00e4nzend zur Fiat Vertretung kam, wurde die Autoausstellung vergr\u00f6ssert. 1995 Das Logo &#171;Liem &hellip; <\/p>\n<p class=\"link-more\"><a href=\"https:\/\/www.liem.ch\/liem\/index.php\/geschichte\/\" class=\"more-link\"><span class=\"screen-reader-text\">&#171;Geschichte&#187;<\/span> weiterlesen<\/a><\/p>\n","protected":false},"author":2,"featured_media":0,"parent":0,"menu_order":0,"comment_status":"closed","ping_status":"closed","template":"","meta":{"_monsterinsights_skip_tracking":false,"_monsterinsights_sitenote_active":false,"_monsterinsights_sitenote_note":"","_monsterinsights_sitenote_category":0,"footnotes":""},"class_list":["post-142","page","type-page","status-publish","hentry"],"_links":{"self":[{"href":"https:\/\/www.liem.ch\/liem\/index.php\/wp-json\/wp\/v2\/pages\/142","targetHints":{"allow":["GET"]}}],"collection":[{"href":"https:\/\/www.liem.ch\/liem\/index.php\/wp-json\/wp\/v2\/pages"}],"about":[{"href":"https:\/\/www.liem.ch\/liem\/index.php\/wp-json\/wp\/v2\/types\/page"}],"author":[{"embeddable":true,"href":"https:\/\/www.liem.ch\/liem\/index.php\/wp-json\/wp\/v2\/users\/2"}],"replies":[{"embeddable":true,"href":"https:\/\/www.liem.ch\/liem\/index.php\/wp-json\/wp\/v2\/comments?post=142"}],"version-history":[{"count":2,"href":"https:\/\/www.liem.ch\/liem\/index.php\/wp-json\/wp\/v2\/pages\/142\/revisions"}],"predecessor-version":[{"id":144,"href":"https:\/\/www.liem.ch\/liem\/index.php\/wp-json\/wp\/v2\/pages\/142\/revisions\/144"}],"wp:attachment":[{"href":"https:\/\/www.liem.ch\/liem\/index.php\/wp-json\/wp\/v2\/media?parent=142"}],"curies":[{"name":"wp","href":"https:\/\/api.w.org\/{rel}","templated":true}]}}