{"id":130,"date":"2019-12-04T23:00:28","date_gmt":"2019-12-04T22:00:28","guid":{"rendered":"http:\/\/cms.liem.ch\/Liem\/?page_id=130"},"modified":"2019-12-04T23:00:28","modified_gmt":"2019-12-04T22:00:28","slug":"jobs","status":"publish","type":"page","link":"https:\/\/www.liem.ch\/liem\/index.php\/jobs\/","title":{"rendered":"Jobs"},"content":{"rendered":"\n<h2 class=\"wp-block-heading\">Wir suchen einen AUTOMECHANIKER<\/h2>\n\n\n\n<p><strong>Ihr Profil:<\/strong><\/p>\n\n\n\n<ul class=\"wp-block-list\"><li>Ausbildung oder Erfahrung als Automechaniker<\/li><li>Teamf\u00e4hige Pers\u00f6nlichkeit<\/li><li>Freundlicher Umgang mit Kunden<\/li><li>Selbstst\u00e4ndiges Arbeiten<\/li><li>Ordnungsliebend<\/li><li>Allrounderqualit\u00e4ten<\/li><\/ul>\n\n\n\n<p><strong>Wir bieten Ihnen:<\/strong><\/p>\n\n\n\n<ul class=\"wp-block-list\"><li>Vielseitige T\u00e4tigkeit<\/li><li>Angenehmes Arbeitsklima<\/li><li>Angemessene Sal\u00e4r und Sozialleistungen<\/li><\/ul>\n\n\n\n<p>Wenn Sie sich angesprochen f\u00fchlen, w\u00fcrden wir uns auf Ihre Bewerbung oder Anruf freuen.<\/p>\n","protected":false},"excerpt":{"rendered":"<p>Wir suchen einen AUTOMECHANIKER Ihr Profil: Ausbildung oder Erfahrung als Automechaniker Teamf\u00e4hige Pers\u00f6nlichkeit Freundlicher Umgang mit Kunden Selbstst\u00e4ndiges Arbeiten Ordnungsliebend Allrounderqualit\u00e4ten Wir bieten Ihnen: Vielseitige T\u00e4tigkeit Angenehmes Arbeitsklima Angemessene Sal\u00e4r und Sozialleistungen Wenn Sie sich angesprochen f\u00fchlen, w\u00fcrden wir uns auf Ihre Bewerbung oder Anruf freuen.<\/p>\n","protected":false},"author":2,"featured_media":0,"parent":0,"menu_order":0,"comment_status":"closed","ping_status":"closed","template":"","meta":{"_monsterinsights_skip_tracking":false,"_monsterinsights_sitenote_active":false,"_monsterinsights_sitenote_note":"","_monsterinsights_sitenote_category":0,"footnotes":""},"class_list":["post-130","page","type-page","status-publish","hentry"],"_links":{"self":[{"href":"https:\/\/www.liem.ch\/liem\/index.php\/wp-json\/wp\/v2\/pages\/130","targetHints":{"allow":["GET"]}}],"collection":[{"href":"https:\/\/www.liem.ch\/liem\/index.php\/wp-json\/wp\/v2\/pages"}],"about":[{"href":"https:\/\/www.liem.ch\/liem\/index.php\/wp-json\/wp\/v2\/types\/page"}],"author":[{"embeddable":true,"href":"https:\/\/www.liem.ch\/liem\/index.php\/wp-json\/wp\/v2\/users\/2"}],"replies":[{"embeddable":true,"href":"https:\/\/www.liem.ch\/liem\/index.php\/wp-json\/wp\/v2\/comments?post=130"}],"version-history":[{"count":1,"href":"https:\/\/www.liem.ch\/liem\/index.php\/wp-json\/wp\/v2\/pages\/130\/revisions"}],"predecessor-version":[{"id":131,"href":"https:\/\/www.liem.ch\/liem\/index.php\/wp-json\/wp\/v2\/pages\/130\/revisions\/131"}],"wp:attachment":[{"href":"https:\/\/www.liem.ch\/liem\/index.php\/wp-json\/wp\/v2\/media?parent=130"}],"curies":[{"name":"wp","href":"https:\/\/api.w.org\/{rel}","templated":true}]}}