{"id":12,"date":"2019-11-27T16:23:14","date_gmt":"2019-11-27T15:23:14","guid":{"rendered":"http:\/\/cms.liem.ch\/Liem\/?page_id=12"},"modified":"2020-05-03T14:17:16","modified_gmt":"2020-05-03T12:17:16","slug":"ein-startseiten-abschnitt","status":"publish","type":"page","link":"https:\/\/www.liem.ch\/liem\/index.php\/ein-startseiten-abschnitt\/","title":{"rendered":"Liem Team"},"content":{"rendered":"\n<p>Mit unserem starken und erfahrenen Team erhalten wir die Werte Ihres Fahrzeug. Dabei l\u00e4dt unsere famili\u00e4re Kleingarage zum Verweilen ein und erm\u00f6glicht es Ihnen sich in Ruhe inspirieren und beraten zu lassen.<\/p>\n\n\n\n<p><\/p>\n","protected":false},"excerpt":{"rendered":"<p>Mit unserem starken und erfahrenen Team erhalten wir die Werte Ihres Fahrzeug. Dabei l\u00e4dt unsere famili\u00e4re Kleingarage zum Verweilen ein und erm\u00f6glicht es Ihnen sich in Ruhe inspirieren und beraten zu lassen.<\/p>\n","protected":false},"author":1,"featured_media":0,"parent":0,"menu_order":0,"comment_status":"closed","ping_status":"closed","template":"","meta":{"_monsterinsights_skip_tracking":false,"_monsterinsights_sitenote_active":false,"_monsterinsights_sitenote_note":"","_monsterinsights_sitenote_category":0,"footnotes":""},"class_list":["post-12","page","type-page","status-publish","hentry"],"_links":{"self":[{"href":"https:\/\/www.liem.ch\/liem\/index.php\/wp-json\/wp\/v2\/pages\/12","targetHints":{"allow":["GET"]}}],"collection":[{"href":"https:\/\/www.liem.ch\/liem\/index.php\/wp-json\/wp\/v2\/pages"}],"about":[{"href":"https:\/\/www.liem.ch\/liem\/index.php\/wp-json\/wp\/v2\/types\/page"}],"author":[{"embeddable":true,"href":"https:\/\/www.liem.ch\/liem\/index.php\/wp-json\/wp\/v2\/users\/1"}],"replies":[{"embeddable":true,"href":"https:\/\/www.liem.ch\/liem\/index.php\/wp-json\/wp\/v2\/comments?post=12"}],"version-history":[{"count":4,"href":"https:\/\/www.liem.ch\/liem\/index.php\/wp-json\/wp\/v2\/pages\/12\/revisions"}],"predecessor-version":[{"id":304,"href":"https:\/\/www.liem.ch\/liem\/index.php\/wp-json\/wp\/v2\/pages\/12\/revisions\/304"}],"wp:attachment":[{"href":"https:\/\/www.liem.ch\/liem\/index.php\/wp-json\/wp\/v2\/media?parent=12"}],"curies":[{"name":"wp","href":"https:\/\/api.w.org\/{rel}","templated":true}]}}